{"id":9834,"date":"2016-04-29T13:23:55","date_gmt":"2016-04-29T11:23:55","guid":{"rendered":"http:\/\/www.selvamarine.se\/?page_id=9834"},"modified":"2016-08-11T13:17:24","modified_gmt":"2016-08-11T11:17:24","slug":"produkter","status":"publish","type":"page","link":"http:\/\/selvamarine.fi\/?page_id=9834","title":{"rendered":"Tuotteet \u2013 Per\u00e4moottorit ja veneet"},"content":{"rendered":"<h2 class=\"prodlist\">Yleiskatsaus<\/h2>\n<p>T\u00e4\u00e4lt\u00e4 saat yleiskuvan Selva Marinen per\u00e4moottoreista sek\u00e4 RIB- ja lasikuituveneist\u00e4.\u00a0Lis\u00e4tietoa varten suosittelemme englanninkielist\u00e4 verkkosivustoa, johon p\u00e4\u00e4set yleistieto-osioissa olevien linkkien kautta.<\/p>\n<p>L\u00e4himm\u00e4lt\u00e4 j\u00e4lleenmyyj\u00e4lt\u00e4 saat aina ajankohtaiset hinnat.<\/p>\n<h2 id=\"mot\" class=\"prodlist\">Per\u00e4moottorit<\/h2>\n<p><strong>Tutustu tarkemmin Selvan per\u00e4moottoreihin.<\/strong><br \/>\nLaajasta valikoimasta l\u00f6yd\u00e4t aina sinulle sopivan moottorin. Voit luottaa mottoriin, jonka kyljess\u00e4 lukee Selva, riippumatta siit\u00e4 haluatko veneill\u00e4 j\u00e4rvell\u00e4 tyylill\u00e4, tuntea vauhdin avomerell\u00e4 tai matkata saaresta toiseen. Nautinnollinen veneily on nyt mahdollista. Voit l\u00e4hte\u00e4 kaukaisiin paikkoihin, nauttia kauniista auringonlaskusta puolisosi kanssa tai yll\u00e4tt\u00e4\u00e4 lapsesi luontoel\u00e4myksill\u00e4, jotka tarjoavat l\u00e4pi el\u00e4m\u00e4n kest\u00e4v\u00e4n tunteen upeasta merell\u00e4 vietetyst\u00e4 ajasta.<\/p>\n<p>Tervetuloa Selvan maailmaan, t\u00e4ynn\u00e4 ihania yll\u00e4tyksi\u00e4.<\/p>\n<p><a href=\"http:\/\/selvamarine.fi\/wp-content\/uploads\/2016\/04\/1601-Motorer-12s_uppsl_low.pdf\" target=\"_blank\">Broschyren kan du ladda ner h\u00e4r.<\/a><\/p>\n<table>\n<tbody>\n<tr>\n<td><strong><a href=\"http:\/\/www.selvamarine-scandinavia.com\/product_lines.php?line=mot_4t\" target=\"_blank\">Nelitahtiset 4 hv - 150 hv<\/a><\/strong><\/p>\n<p>Selva Marinen nelitahtiset moottorit ovat selke\u00e4sti tunnistettavissa ja toimivat vuorovaikutuksessa<br \/>\nluonnon kanssa.<\/p>\n<p>Selvan per\u00e4moottoreita arvostetaan venemaailmassa hienostuneen tekniikan, kompaktin koon ja nykyaikaisen muotoilun ansiosta.<\/td>\n<td><img loading=\"lazy\" decoding=\"async\" class=\"aligncenter wp-image-9875 size-medium\" src=\"http:\/\/selvamarine.fi\/wp-content\/uploads\/2016\/04\/Sea-Bass-5-200x300.jpg\" alt=\"Sea Bass 5 Selva utombordsmotorer\" width=\"200\" height=\"300\" srcset=\"http:\/\/selvamarine.fi\/wp-content\/uploads\/2016\/04\/Sea-Bass-5-200x300.jpg 200w, http:\/\/selvamarine.fi\/wp-content\/uploads\/2016\/04\/Sea-Bass-5-768x1154.jpg 768w, http:\/\/selvamarine.fi\/wp-content\/uploads\/2016\/04\/Sea-Bass-5-682x1024.jpg 682w, http:\/\/selvamarine.fi\/wp-content\/uploads\/2016\/04\/Sea-Bass-5.jpg 800w\" sizes=\"auto, (max-width: 200px) 100vw, 200px\" \/><\/td>\n<\/tr>\n<tr>\n<td><strong><a href=\"http:\/\/www.selvamarine-scandinavia.com\/product_lines.php?line=mot_4tXSR\" target=\"_blank\">Nelitahtiset XSR 60 - 150 hv<\/a><\/strong><\/p>\n<p><img loading=\"lazy\" decoding=\"async\" class=\"alignright wp-image-9842\" src=\"http:\/\/selvamarine.fi\/wp-content\/uploads\/2016\/04\/XSR-300x179.png\" alt=\"XSR\" width=\"61\" height=\"36\" srcset=\"http:\/\/selvamarine.fi\/wp-content\/uploads\/2016\/04\/XSR-300x179.png 300w, http:\/\/selvamarine.fi\/wp-content\/uploads\/2016\/04\/XSR.png 400w\" sizes=\"auto, (max-width: 61px) 100vw, 61px\" \/>XRS merkitsee, ett\u00e4 moottorit ovat yksil\u00f6llisesti optimoituja. T\u00e4m\u00e4n ansioista jokaisesta bensiinipisarasta on puristettu kaikki irti. Se takaa enemm\u00e4n tehoa ja v\u00e4\u00e4nt\u00f6\u00e4 potkurissa asti. N\u00e4m\u00e4 ainutlaatuiset ominaisuudet kuuluvat nimenomaan t\u00e4m\u00e4n tuoteperheen nelitahtisille moottoreille. Ne ovat kehitetty eritt\u00e4in vaativille k\u00e4ytt\u00e4jille ja hienos\u00e4\u00e4detty elektroniikka takaa t\u00e4ydellisen toiminnan ja erinomaisen suorituskyvyn.<\/td>\n<td><img loading=\"lazy\" decoding=\"async\" class=\"aligncenter wp-image-9874 size-medium\" src=\"http:\/\/selvamarine.fi\/wp-content\/uploads\/2016\/04\/Murena-70-xrs-web-200x300.jpg\" alt=\"Murena 70 xrs Selva utombordsmotorer\" width=\"200\" height=\"300\" srcset=\"http:\/\/selvamarine.fi\/wp-content\/uploads\/2016\/04\/Murena-70-xrs-web-200x300.jpg 200w, http:\/\/selvamarine.fi\/wp-content\/uploads\/2016\/04\/Murena-70-xrs-web-768x1154.jpg 768w, http:\/\/selvamarine.fi\/wp-content\/uploads\/2016\/04\/Murena-70-xrs-web-682x1024.jpg 682w, http:\/\/selvamarine.fi\/wp-content\/uploads\/2016\/04\/Murena-70-xrs-web.jpg 800w\" sizes=\"auto, (max-width: 200px) 100vw, 200px\" \/><\/td>\n<\/tr>\n<\/tbody>\n<\/table>\n<h2 id=\"rib\" class=\"prodlist\">RIB- ja kumiveneet Selvan per\u00e4moottoreilla<\/h2>\n<p><strong>Laaja valikoima veneit\u00e4 valikoiduilla moottoreilla.<\/strong><\/p>\n<p>RIB- ja kumiveneet \u201dpaketoituna\u201d Selva Marinen per\u00e4moottorilla eri kokoluokissa pienist\u00e4 kumiveneist\u00e4 isoihin tukeviin ribveneisiin.<\/p>\n<p>Kaikkien tuotteidemme tavoitteena on tarjota upeita el\u00e4myksi\u00e4 ja optimaalista suorituskyky\u00e4 \u2013 yhdist\u00e4m\u00e4ll\u00e4 monivuotinen kokemus nykyaikaiseen tekniikkaan.<\/p>\n<table>\n<tbody>\n<tr>\n<td><strong><a href=\"http:\/\/www.selvamarine-scandinavia.com\/product_lines.php?line=imb_evolutionline\" target=\"_blank\">Evolution Line<\/a>\u00a0-\u00a0Nykyaikainen ja klassinen muotoilu yhdistettyn\u00e4<\/strong><\/td>\n<td>\u00a0<img loading=\"lazy\" decoding=\"async\" class=\"aligncenter size-medium wp-image-9885\" src=\"http:\/\/selvamarine.fi\/wp-content\/uploads\/2016\/04\/Evolution-d600-300x200.jpg\" alt=\"Evolution d600\" width=\"300\" height=\"200\" srcset=\"http:\/\/selvamarine.fi\/wp-content\/uploads\/2016\/04\/Evolution-d600-300x200.jpg 300w, http:\/\/selvamarine.fi\/wp-content\/uploads\/2016\/04\/Evolution-d600.jpg 360w\" sizes=\"auto, (max-width: 300px) 100vw, 300px\" \/><\/td>\n<\/tr>\n<tr>\n<td><strong><a href=\"http:\/\/www.selvamarine-scandinavia.com\/product_lines.php?line=imb_evolutionline\" target=\"_blank\">Evolution Special Line<\/a>\u00a0- Erottuva muotoilu<\/strong><\/td>\n<td>\u00a0<img loading=\"lazy\" decoding=\"async\" class=\"aligncenter size-medium wp-image-9890\" src=\"http:\/\/selvamarine.fi\/wp-content\/uploads\/2016\/04\/D600-Special-300x200.jpg\" alt=\"D600 Special\" width=\"300\" height=\"200\" srcset=\"http:\/\/selvamarine.fi\/wp-content\/uploads\/2016\/04\/D600-Special-300x200.jpg 300w, http:\/\/selvamarine.fi\/wp-content\/uploads\/2016\/04\/D600-Special.jpg 400w\" sizes=\"auto, (max-width: 300px) 100vw, 300px\" \/><\/td>\n<\/tr>\n<tr>\n<td><strong><a href=\"http:\/\/www.selvamarine-scandinavia.com\/product_lines.php?line=imb_emotionline\" target=\"_blank\">Emotion Line<\/a>\u00a0- Sinulle, jolla on korkeat vaatimukset<\/strong><\/td>\n<td>\u00a0<img loading=\"lazy\" decoding=\"async\" class=\"aligncenter size-medium wp-image-9884\" src=\"http:\/\/selvamarine.fi\/wp-content\/uploads\/2016\/04\/Emotion-630-300x171.jpg\" alt=\"Emotion 630\" width=\"300\" height=\"171\" srcset=\"http:\/\/selvamarine.fi\/wp-content\/uploads\/2016\/04\/Emotion-630-300x171.jpg 300w, http:\/\/selvamarine.fi\/wp-content\/uploads\/2016\/04\/Emotion-630.jpg 360w\" sizes=\"auto, (max-width: 300px) 100vw, 300px\" \/><\/td>\n<\/tr>\n<tr>\n<td><strong><a href=\"http:\/\/www.selvamarine-scandinavia.com\/product_lines.php?line=imb_professionalline\" target=\"_blank\">Professional Line<\/a>\u00a0- Kun vene on ty\u00f6paikkasi ja vaadit paljon tilaa<\/strong><\/td>\n<td>\u00a0<img loading=\"lazy\" decoding=\"async\" class=\"aligncenter size-medium wp-image-9878\" src=\"http:\/\/selvamarine.fi\/wp-content\/uploads\/2016\/04\/Pro-600-300x233.jpg\" alt=\"Pro 600\" width=\"300\" height=\"233\" srcset=\"http:\/\/selvamarine.fi\/wp-content\/uploads\/2016\/04\/Pro-600-300x233.jpg 300w, http:\/\/selvamarine.fi\/wp-content\/uploads\/2016\/04\/Pro-600.jpg 360w\" sizes=\"auto, (max-width: 300px) 100vw, 300px\" \/><\/td>\n<\/tr>\n<tr>\n<td><strong><a href=\"http:\/\/www.selvamarine-scandinavia.com\/product_lines.php?line=imb_sportline\" target=\"_blank\">Sport Line<\/a>\u00a0- Ajonautintoa!<\/strong><\/td>\n<td>\u00a0<img loading=\"lazy\" decoding=\"async\" class=\"aligncenter size-medium wp-image-9880\" src=\"http:\/\/selvamarine.fi\/wp-content\/uploads\/2016\/04\/Sport-570-300x200.jpg\" alt=\"Sport 570\" width=\"300\" height=\"200\" srcset=\"http:\/\/selvamarine.fi\/wp-content\/uploads\/2016\/04\/Sport-570-300x200.jpg 300w, http:\/\/selvamarine.fi\/wp-content\/uploads\/2016\/04\/Sport-570.jpg 360w\" sizes=\"auto, (max-width: 300px) 100vw, 300px\" \/><\/td>\n<\/tr>\n<tr>\n<td><strong><a href=\"http:\/\/www.selvamarine-scandinavia.com\/product_lines.php?line=imb_luxurytenderline\" target=\"_blank\">Luxury Tender Line<\/a>\u00a0- Ylellisyytt\u00e4 pieness\u00e4 koossa<\/strong><\/td>\n<td>\u00a0<img loading=\"lazy\" decoding=\"async\" class=\"aligncenter size-medium wp-image-9887\" src=\"http:\/\/selvamarine.fi\/wp-content\/uploads\/2016\/04\/Luxury-gt340-300x233.jpg\" alt=\"Luxury gt340\" width=\"300\" height=\"233\" srcset=\"http:\/\/selvamarine.fi\/wp-content\/uploads\/2016\/04\/Luxury-gt340-300x233.jpg 300w, http:\/\/selvamarine.fi\/wp-content\/uploads\/2016\/04\/Luxury-gt340.jpg 360w\" sizes=\"auto, (max-width: 300px) 100vw, 300px\" \/><\/td>\n<\/tr>\n<tr>\n<td><strong><a href=\"http:\/\/www.selvamarine-scandinavia.com\/product_lines.php?line=imb_pleinairline\" target=\"_blank\">Plein Air Line<\/a>\u00a0- Vakautta pieness\u00e4 koossa!<\/strong><\/td>\n<td>\u00a0<img loading=\"lazy\" decoding=\"async\" class=\"aligncenter size-medium wp-image-9893\" src=\"http:\/\/selvamarine.fi\/wp-content\/uploads\/2016\/04\/Plein320wf-300x233.jpg\" alt=\"Plein320wf\" width=\"300\" height=\"233\" srcset=\"http:\/\/selvamarine.fi\/wp-content\/uploads\/2016\/04\/Plein320wf-300x233.jpg 300w, http:\/\/selvamarine.fi\/wp-content\/uploads\/2016\/04\/Plein320wf.jpg 360w\" sizes=\"auto, (max-width: 300px) 100vw, 300px\" \/><\/td>\n<\/tr>\n<tr>\n<td><strong><a href=\"http:\/\/www.selvamarine-scandinavia.com\/product_lines.php?line=imb_tenderline\" target=\"_blank\">Tender Line<\/a>\u00a0- Kaikki herkut pieness\u00e4 koossa<\/strong><\/td>\n<td>\u00a0<img loading=\"lazy\" decoding=\"async\" class=\"aligncenter size-medium wp-image-9882\" src=\"http:\/\/selvamarine.fi\/wp-content\/uploads\/2016\/04\/Tender-270vib-300x233.jpg\" alt=\"Tender 270vib\" width=\"300\" height=\"233\" srcset=\"http:\/\/selvamarine.fi\/wp-content\/uploads\/2016\/04\/Tender-270vib-300x233.jpg 300w, http:\/\/selvamarine.fi\/wp-content\/uploads\/2016\/04\/Tender-270vib.jpg 360w\" sizes=\"auto, (max-width: 300px) 100vw, 300px\" \/><\/td>\n<\/tr>\n<\/tbody>\n<\/table>\n<h2 id=\"gfb\" class=\"prodlist\">Lasikuituveneet Selvan per\u00e4moottoreilla<\/h2>\n<p><strong>Mik\u00e4 vene sopii sinulle?<\/strong><\/p>\n<p>Selva Marinen veneet sopivat kaikille merta rakastaville. Heille, jotka haluavat rentoutua ja nauttia luonnosta sek\u00e4 heille, joille vene toimii ty\u00f6paikkana. Kaikille, jotka pit\u00e4v\u00e4t uusista, ihanista kokemuksista.<\/p>\n<table>\n<tbody>\n<tr>\n<td><strong><a href=\"http:\/\/selvamarine.com\/product_lines.php?line=vtr_fishermanline\" target=\"_blank\">Fisherman Line<\/a> - Kalastajan ja saaristolaisen upea valinta<\/strong><\/td>\n<td>\u00a0<img loading=\"lazy\" decoding=\"async\" class=\"aligncenter size-medium wp-image-9886\" src=\"http:\/\/selvamarine.fi\/wp-content\/uploads\/2016\/04\/f65cabinplus-300x233.jpg\" alt=\"f65cabinplus\" width=\"300\" height=\"233\" srcset=\"http:\/\/selvamarine.fi\/wp-content\/uploads\/2016\/04\/f65cabinplus-300x233.jpg 300w, http:\/\/selvamarine.fi\/wp-content\/uploads\/2016\/04\/f65cabinplus.jpg 360w\" sizes=\"auto, (max-width: 300px) 100vw, 300px\" \/><\/td>\n<\/tr>\n<tr>\n<td><strong><a href=\"http:\/\/selvamarine.com\/product_lines.php?line=vtr_openclassicline\" target=\"_blank\">Open Classic Line<\/a> - Urheilullinen ja mukava<\/strong><\/td>\n<td>\u00a0<img loading=\"lazy\" decoding=\"async\" class=\"aligncenter size-medium wp-image-9888\" src=\"http:\/\/selvamarine.fi\/wp-content\/uploads\/2016\/04\/Open-classic-d53-300x233.jpg\" alt=\"Open classic d53\" width=\"300\" height=\"233\" srcset=\"http:\/\/selvamarine.fi\/wp-content\/uploads\/2016\/04\/Open-classic-d53-300x233.jpg 300w, http:\/\/selvamarine.fi\/wp-content\/uploads\/2016\/04\/Open-classic-d53.jpg 360w\" sizes=\"auto, (max-width: 300px) 100vw, 300px\" \/><\/td>\n<\/tr>\n<tr>\n<td><strong><a href=\"http:\/\/selvamarine.com\/product_lines.php?line=vtr_openeleganceline\" target=\"_blank\">Open Elegance Line<\/a> - Upea ja miellytt\u00e4v\u00e4<\/strong><\/td>\n<td>\u00a0<img loading=\"lazy\" decoding=\"async\" class=\"aligncenter size-medium wp-image-9877\" src=\"http:\/\/selvamarine.fi\/wp-content\/uploads\/2016\/04\/Open-elegance-67-300x200.jpg\" alt=\"Open elegance 67\" width=\"300\" height=\"200\" srcset=\"http:\/\/selvamarine.fi\/wp-content\/uploads\/2016\/04\/Open-elegance-67-300x200.jpg 300w, http:\/\/selvamarine.fi\/wp-content\/uploads\/2016\/04\/Open-elegance-67.jpg 360w\" sizes=\"auto, (max-width: 300px) 100vw, 300px\" \/><\/td>\n<\/tr>\n<tr>\n<td><strong><a href=\"http:\/\/selvamarine.com\/product_lines.php?line=vtr_sundeckeleganceline\" target=\"_blank\">SD Elegance Line<\/a> - Hienostunut muotoilu<\/strong><\/td>\n<td>\u00a0<img loading=\"lazy\" decoding=\"async\" class=\"aligncenter size-medium wp-image-9879\" src=\"http:\/\/selvamarine.fi\/wp-content\/uploads\/2016\/04\/SD-elegance-67-300x233.jpg\" alt=\"SD elegance 67\" width=\"300\" height=\"233\" srcset=\"http:\/\/selvamarine.fi\/wp-content\/uploads\/2016\/04\/SD-elegance-67-300x233.jpg 300w, http:\/\/selvamarine.fi\/wp-content\/uploads\/2016\/04\/SD-elegance-67.jpg 360w\" sizes=\"auto, (max-width: 300px) 100vw, 300px\" \/><\/td>\n<\/tr>\n<tr>\n<td><strong><a href=\"http:\/\/selvamarine.com\/product_lines.php?line=vtr_sundeckline\" target=\"_blank\">Sun Deck Classic Line<\/a> - Aja tyylill\u00e4<\/strong><\/td>\n<td>\u00a0<img loading=\"lazy\" decoding=\"async\" class=\"aligncenter size-medium wp-image-9881\" src=\"http:\/\/selvamarine.fi\/wp-content\/uploads\/2016\/04\/Sun-deck-72cabin-300x233.jpg\" alt=\"Sun deck 72cabin\" width=\"300\" height=\"233\" srcset=\"http:\/\/selvamarine.fi\/wp-content\/uploads\/2016\/04\/Sun-deck-72cabin-300x233.jpg 300w, http:\/\/selvamarine.fi\/wp-content\/uploads\/2016\/04\/Sun-deck-72cabin.jpg 360w\" sizes=\"auto, (max-width: 300px) 100vw, 300px\" \/><\/td>\n<\/tr>\n<tr>\n<td><strong><a href=\"http:\/\/selvamarine.com\/product_lines.php?line=vtr_cruiserline\" target=\"_blank\">Cruiser Line<\/a> - Mukava y\u00f6pyminen<\/strong><\/td>\n<td>\u00a0<img loading=\"lazy\" decoding=\"async\" class=\"aligncenter size-medium wp-image-9883\" src=\"http:\/\/selvamarine.fi\/wp-content\/uploads\/2016\/04\/Cruiser-67cabin-300x233.jpg\" alt=\"Cruiser 67cabin\" width=\"300\" height=\"233\" srcset=\"http:\/\/selvamarine.fi\/wp-content\/uploads\/2016\/04\/Cruiser-67cabin-300x233.jpg 300w, http:\/\/selvamarine.fi\/wp-content\/uploads\/2016\/04\/Cruiser-67cabin.jpg 360w\" sizes=\"auto, (max-width: 300px) 100vw, 300px\" \/><\/td>\n<\/tr>\n<\/tbody>\n<\/table>\n<div class=\"defaultleftmenu\"><\/div>\n","protected":false},"excerpt":{"rendered":"<p>Yleiskatsaus T\u00e4\u00e4lt\u00e4 saat yleiskuvan Selva Marinen per\u00e4moottoreista sek\u00e4 RIB- ja lasikuituveneist\u00e4.\u00a0Lis\u00e4tietoa varten suosittelemme englanninkielist\u00e4 verkkosivustoa, johon p\u00e4\u00e4set yleistieto-osioissa olevien linkkien kautta. L\u00e4himm\u00e4lt\u00e4 j\u00e4lleenmyyj\u00e4lt\u00e4 saat aina ajankohtaiset hinnat. Per\u00e4moottorit Tutustu tarkemmin Selvan per\u00e4moottoreihin. Laajasta valikoimasta l\u00f6yd\u00e4t aina sinulle sopivan moottorin. Voit luottaa mottoriin, jonka kyljess\u00e4 lukee Selva, riippumatta siit\u00e4 haluatko veneill\u00e4 j\u00e4rvell\u00e4 tyylill\u00e4, tuntea vauhdin avomerell\u00e4 <a href=\"http:\/\/selvamarine.fi\/?page_id=9834\" class=\"more-link\">...continue reading<span class=\"screen-reader-text\"> \"Tuotteet \u2013 Per\u00e4moottorit ja veneet\"<\/span><\/a><\/p>\n","protected":false},"author":1,"featured_media":9874,"parent":0,"menu_order":0,"comment_status":"closed","ping_status":"closed","template":"","meta":{"jetpack_post_was_ever_published":false,"footnotes":""},"class_list":["post-9834","page","type-page","status-publish","has-post-thumbnail","h-entry","hentry","h-as-page"],"jetpack_sharing_enabled":true,"jetpack_shortlink":"https:\/\/wp.me\/P7BHJ9-2yC","_links":{"self":[{"href":"http:\/\/selvamarine.fi\/index.php?rest_route=\/wp\/v2\/pages\/9834","targetHints":{"allow":["GET"]}}],"collection":[{"href":"http:\/\/selvamarine.fi\/index.php?rest_route=\/wp\/v2\/pages"}],"about":[{"href":"http:\/\/selvamarine.fi\/index.php?rest_route=\/wp\/v2\/types\/page"}],"author":[{"embeddable":true,"href":"http:\/\/selvamarine.fi\/index.php?rest_route=\/wp\/v2\/users\/1"}],"replies":[{"embeddable":true,"href":"http:\/\/selvamarine.fi\/index.php?rest_route=%2Fwp%2Fv2%2Fcomments&post=9834"}],"version-history":[{"count":2,"href":"http:\/\/selvamarine.fi\/index.php?rest_route=\/wp\/v2\/pages\/9834\/revisions"}],"predecessor-version":[{"id":9928,"href":"http:\/\/selvamarine.fi\/index.php?rest_route=\/wp\/v2\/pages\/9834\/revisions\/9928"}],"wp:featuredmedia":[{"embeddable":true,"href":"http:\/\/selvamarine.fi\/index.php?rest_route=\/wp\/v2\/media\/9874"}],"wp:attachment":[{"href":"http:\/\/selvamarine.fi\/index.php?rest_route=%2Fwp%2Fv2%2Fmedia&parent=9834"}],"curies":[{"name":"wp","href":"https:\/\/api.w.org\/{rel}","templated":true}]}}