{"id":9768,"date":"2016-04-25T10:03:50","date_gmt":"2016-04-25T08:03:50","guid":{"rendered":"http:\/\/selva.sylvan.nu\/?page_id=9768"},"modified":"2019-10-03T09:04:08","modified_gmt":"2019-10-03T07:04:08","slug":"kontakt","status":"publish","type":"page","link":"http:\/\/selvamarine.fi\/?page_id=9768","title":{"rendered":"Yhteystiedot"},"content":{"rendered":"<h1>G\u00f6teborgin toimisto<\/h1>\n<p>Palvelemme englanniksi ja ruotsiksi. Palvelua suomeksi saatte l\u00e4himm\u00e4lt\u00e4 j\u00e4lleenmyyj\u00e4lt\u00e4.<\/p>\n<p>Puh. +46 31 22 15 14<br \/>\nS\u00e4hk\u00f6posti: info@selva.se<br \/>\nToimisto: Maskinkajen 17 - 41764 G\u00f6teborg<br \/>\nInternet: <a href=\"http:\/\/www.selvamarine.se\">www.selva.se<\/a><\/p>\n<h2>P\u00e4\u00e4toimisto Italiassa<\/h2>\n<p>Selva S.p.A.<br \/>\nV.le dell'Industria13<br \/>\n23037 Tirano (SO) Italy -<br \/>\nPuh. +39 0342 702451<br \/>\n<a href=\"mailto:selvamarine@selvamarine.com\">selvamarine@selvamarine.com<\/a><\/p>\n","protected":false},"excerpt":{"rendered":"<p>G\u00f6teborgin toimisto Palvelemme englanniksi ja ruotsiksi. Palvelua suomeksi saatte l\u00e4himm\u00e4lt\u00e4 j\u00e4lleenmyyj\u00e4lt\u00e4. Puh. +46 31 22 15 14 S\u00e4hk\u00f6posti: info@selva.se Toimisto: Maskinkajen 17 - 41764 G\u00f6teborg Internet: www.selva.se P\u00e4\u00e4toimisto Italiassa Selva S.p.A. V.le dell'Industria13 23037 Tirano (SO) Italy - Puh. +39 0342 702451 selvamarine@selvamarine.com<\/p>\n","protected":false},"author":1,"featured_media":0,"parent":0,"menu_order":0,"comment_status":"closed","ping_status":"closed","template":"","meta":{"jetpack_post_was_ever_published":false,"footnotes":""},"class_list":["post-9768","page","type-page","status-publish","h-entry","hentry","h-as-page"],"jetpack_sharing_enabled":true,"jetpack_shortlink":"https:\/\/wp.me\/P7BHJ9-2xy","_links":{"self":[{"href":"http:\/\/selvamarine.fi\/index.php?rest_route=\/wp\/v2\/pages\/9768","targetHints":{"allow":["GET"]}}],"collection":[{"href":"http:\/\/selvamarine.fi\/index.php?rest_route=\/wp\/v2\/pages"}],"about":[{"href":"http:\/\/selvamarine.fi\/index.php?rest_route=\/wp\/v2\/types\/page"}],"author":[{"embeddable":true,"href":"http:\/\/selvamarine.fi\/index.php?rest_route=\/wp\/v2\/users\/1"}],"replies":[{"embeddable":true,"href":"http:\/\/selvamarine.fi\/index.php?rest_route=%2Fwp%2Fv2%2Fcomments&post=9768"}],"version-history":[{"count":4,"href":"http:\/\/selvamarine.fi\/index.php?rest_route=\/wp\/v2\/pages\/9768\/revisions"}],"predecessor-version":[{"id":9957,"href":"http:\/\/selvamarine.fi\/index.php?rest_route=\/wp\/v2\/pages\/9768\/revisions\/9957"}],"wp:attachment":[{"href":"http:\/\/selvamarine.fi\/index.php?rest_route=%2Fwp%2Fv2%2Fmedia&parent=9768"}],"curies":[{"name":"wp","href":"https:\/\/api.w.org\/{rel}","templated":true}]}}