{"id":9764,"date":"2016-04-25T09:57:22","date_gmt":"2016-04-25T07:57:22","guid":{"rendered":"http:\/\/selva.sylvan.nu\/?page_id=9764"},"modified":"2016-08-11T12:58:30","modified_gmt":"2016-08-11T10:58:30","slug":"karta","status":"publish","type":"page","link":"http:\/\/selvamarine.fi\/?page_id=9764","title":{"rendered":"J\u00e4lleenmyyj\u00e4mme"},"content":{"rendered":"<h2>Yhteystiedot l\u00f6yd\u00e4t klikkaamalla l\u00e4himp\u00e4\u00e4 j\u00e4lleenmyyj\u00e4\u00e4<br \/>\n<iframe loading=\"lazy\" src=\"https:\/\/www.google.com\/maps\/d\/embed?mid=zR8tEeDx8mHg.kEBE-mmWh3VE\" width=\"640\" height=\"480\"><\/iframe><\/h2>\n","protected":false},"excerpt":{"rendered":"<p>Yhteystiedot l\u00f6yd\u00e4t klikkaamalla l\u00e4himp\u00e4\u00e4 j\u00e4lleenmyyj\u00e4\u00e4<\/p>\n","protected":false},"author":1,"featured_media":0,"parent":0,"menu_order":0,"comment_status":"closed","ping_status":"closed","template":"","meta":{"jetpack_post_was_ever_published":false,"footnotes":""},"class_list":["post-9764","page","type-page","status-publish","h-entry","hentry","h-as-page"],"jetpack_sharing_enabled":true,"jetpack_shortlink":"https:\/\/wp.me\/P7BHJ9-2xu","_links":{"self":[{"href":"http:\/\/selvamarine.fi\/index.php?rest_route=\/wp\/v2\/pages\/9764","targetHints":{"allow":["GET"]}}],"collection":[{"href":"http:\/\/selvamarine.fi\/index.php?rest_route=\/wp\/v2\/pages"}],"about":[{"href":"http:\/\/selvamarine.fi\/index.php?rest_route=\/wp\/v2\/types\/page"}],"author":[{"embeddable":true,"href":"http:\/\/selvamarine.fi\/index.php?rest_route=\/wp\/v2\/users\/1"}],"replies":[{"embeddable":true,"href":"http:\/\/selvamarine.fi\/index.php?rest_route=%2Fwp%2Fv2%2Fcomments&post=9764"}],"version-history":[{"count":1,"href":"http:\/\/selvamarine.fi\/index.php?rest_route=\/wp\/v2\/pages\/9764\/revisions"}],"predecessor-version":[{"id":9926,"href":"http:\/\/selvamarine.fi\/index.php?rest_route=\/wp\/v2\/pages\/9764\/revisions\/9926"}],"wp:attachment":[{"href":"http:\/\/selvamarine.fi\/index.php?rest_route=%2Fwp%2Fv2%2Fmedia&parent=9764"}],"curies":[{"name":"wp","href":"https:\/\/api.w.org\/{rel}","templated":true}]}}