{"id":9742,"date":"2016-04-22T15:53:49","date_gmt":"2016-04-22T13:53:49","guid":{"rendered":"http:\/\/selva.sylvan.nu\/?page_id=9742"},"modified":"2018-02-13T14:43:54","modified_gmt":"2018-02-13T13:43:54","slug":"om-selva-marine","status":"publish","type":"page","link":"http:\/\/selvamarine.fi\/","title":{"rendered":"Tietoa Selva Marinesta"},"content":{"rendered":"<h2>SELVA MARINE \u2013 Eurooppalaisia per\u00e4moottoreita<\/h2>\n<figure id=\"attachment_9735\" aria-describedby=\"caption-attachment-9735\" style=\"width: 235px\" class=\"wp-caption alignright\"><img loading=\"lazy\" decoding=\"async\" class=\"wp-image-9735 size-full\" src=\"http:\/\/selvamarine.fi\/wp-content\/uploads\/2010\/12\/img_historia.jpg\" alt=\"selva\" width=\"235\" height=\"151\" \/><figcaption id=\"caption-attachment-9735\" class=\"wp-caption-text\">Selvas f\u00f6rsta verksamhet startade i Sesto San Giovanni, i utkanten av Milano, 1948<\/figcaption><\/figure>\n<p><strong>Selva Marinen tuotanto sijaitsee pieness\u00e4 <a href=\"https:\/\/goo.gl\/maps\/hbW1MbzL2vj\" target=\"_blank\" rel=\"noopener\">Tiranon<\/a> kaupungissa Pohjois-Italiassa. Laajempi per\u00e4moottoreiden valmistus aloitettiin jo vuonna 1959.\u00a0Pohjoismainen toimisto sijaitsee G\u00f6teborgissa.<\/strong><br \/>\n<strong> Yrityksen perustajan Lorentzo Selvan kiinnostus venekilpailuja kohtaan oli suuri. Siksi h\u00e4n alkoi rakentaa omia moottoreita<\/strong>.<\/p>\n<p>Yli 50 vuoden menestys jatkuvalla laatuun ja tekniseen kehitykseen panostamisella asettaa Selvan selke\u00e4sti Euroopan venetuotteiden kartalle.<\/p>\n<p>1959 ensimm\u00e4iset tuotannon vaiheet siirrettiin Italian ja Sveitsin rajalla sijaitsevaan Tiranoon. P\u00e4\u00e4asiallinen syy oli per\u00e4moottoreiden massatuotannon vaatimat isommat ja nykyaikaisemmat tilat. Vuodesta 1945 l\u00e4htien tuotanto oli sijainnut Sesto San Giovannissa, Milanon ulkopuolella, miss\u00e4 muun muassa valmistettiin komponentteja klassiseen Innocentin <a href=\"https:\/\/fi.wikipedia.org\/wiki\/Lambretta_(skootteri)\" target=\"_blank\" rel=\"noopener\">Lambretta -skootteriin<\/a>.<\/p>\n<p>T\u00e4n\u00e4\u00e4n, yli 50 vuotta toiminnan alkamisesta, Selva on korkean teknologian venemoottoriosien laaja toimittaja. Tuotantoprosessin kaikkia vaiheita valvotaan tarkasti. Prosessiin sis\u00e4ltyy valuvaihe, CNC monitoimintakoneistus, nelj\u00e4n vaiheen maalausta k\u00e4sittelev\u00e4 ruosteenestok\u00e4sittely, asennus, testaus, pakkaus ja lopulta kuljetus.<\/p>\n<p>Moottorimme ovat kautta linjan saaneet tunnustusta luotettavuudesta eri venekategorioissa. Selvan venekilpailuhistoria osoittaa meid\u00e4n olevan moottorien asiantuntijoita. Meill\u00e4 on jopa 40 MM, 65 EM ja 150 italialaista titteli\u00e4 luokissa 100 cc \u2013 1000 cc, erilaisilla vesill\u00e4.<\/p>\n<h2>Selva Marine \u2013\u00a0Ainutlaatuinen Euroopassa<\/h2>\n<p><img loading=\"lazy\" decoding=\"async\" class=\"alignright wp-image-9862 size-thumbnail\" src=\"http:\/\/selvamarine.fi\/wp-content\/uploads\/2016\/04\/italienska-knappen-150x150.png\" alt=\"selva\" width=\"150\" height=\"150\" srcset=\"http:\/\/selvamarine.fi\/wp-content\/uploads\/2016\/04\/italienska-knappen-150x150.png 150w, http:\/\/selvamarine.fi\/wp-content\/uploads\/2016\/04\/italienska-knappen-300x300.png 300w, http:\/\/selvamarine.fi\/wp-content\/uploads\/2016\/04\/italienska-knappen.png 384w\" sizes=\"auto, (max-width: 150px) 100vw, 150px\" \/>Yhti\u00f6t\u00e4mme pidet\u00e4\u00e4n ainoana Euroopassa toimivana yrityksen\u00e4, joka tuottaa kaikki venemoottoreihin liittyv\u00e4t osat itse.<\/p>\n<p>Selvaan luotetaan laajasti ja toimitamme per\u00e4moottoreita my\u00f6s Italian merivartiostolle ja monelle Italian eri puolustushaaralle.<\/p>\n<p>P\u00e4\u00e4osa tuotannosta toimitetaan Eurooppaan, l\u00e4hinn\u00e4 V\u00e4limeren maihin. Hyv\u00e4 maineemme my\u00f6s edesauttaa panostuksiamme Iso-Britannian ja Pohjoismaiden markkinoilla.<\/p>\n<h2>Laatu on vahvuutemme<\/h2>\n<p><img loading=\"lazy\" decoding=\"async\" class=\"alignright wp-image-9869 size-medium\" src=\"http:\/\/selvamarine.fi\/wp-content\/uploads\/2016\/04\/legotillverkning-53x300.png\" alt=\"Yanmar, Torqeedo, Neander Shark\" width=\"53\" height=\"300\" \/><\/p>\n<p>Olemme my\u00f6s ylpeit\u00e4 komponenttivalmistuksestamme maailman johtaville venemoottorivalmistajille.<\/p>\n<p><a href=\"http:\/\/www.yanmar.fi\/\" target=\"_blank\" rel=\"noopener\">Yanmarille<\/a> valmistamme Sail Drive -moottorit ja per\u00e4vetolaitteet. Saksalaisen <a href=\"http:\/\/www.torqeedo.fi\/\" target=\"_blank\" rel=\"noopener\">Torqeedon<\/a> s\u00e4hk\u00f6inen per\u00e4moottori sis\u00e4lt\u00e4\u00e4 Selvan osia, kuten my\u00f6s <a href=\"http:\/\/www.neander-shark.com\/en\/\" target=\"_blank\" rel=\"noopener\">Neander Sharkin<\/a> dieselper\u00e4moottori.<\/p>\n<p>Selvan vahvuuksiin kuuluu t\u00e4ysi tuotannon valvonta ja italialainen moottorivalmistustapa.<\/p>\n<p>Oman historiamme ja sitoutumisemme ansiosta olemme tyypillinen esimerkki jo kolmannessa sukupolvessa toimivasta, pienest\u00e4 italialaisesta perheyrityksest\u00e4.<\/p>\n","protected":false},"excerpt":{"rendered":"<p>SELVA MARINE \u2013 Eurooppalaisia per\u00e4moottoreita Selva Marinen tuotanto sijaitsee pieness\u00e4 Tiranon kaupungissa Pohjois-Italiassa. Laajempi per\u00e4moottoreiden valmistus aloitettiin jo vuonna 1959.\u00a0Pohjoismainen toimisto sijaitsee G\u00f6teborgissa. Yrityksen perustajan Lorentzo Selvan kiinnostus venekilpailuja kohtaan oli suuri. Siksi h\u00e4n alkoi rakentaa omia moottoreita. Yli 50 vuoden menestys jatkuvalla laatuun ja tekniseen kehitykseen panostamisella asettaa Selvan selke\u00e4sti Euroopan venetuotteiden kartalle. 1959 <a href=\"http:\/\/selvamarine.fi\/\" class=\"more-link\">...continue reading<span class=\"screen-reader-text\"> \"Tietoa Selva Marinesta\"<\/span><\/a><\/p>\n","protected":false},"author":1,"featured_media":0,"parent":0,"menu_order":0,"comment_status":"closed","ping_status":"closed","template":"","meta":{"jetpack_post_was_ever_published":false,"footnotes":""},"class_list":["post-9742","page","type-page","status-publish","h-entry","hentry","h-as-page"],"jetpack_sharing_enabled":true,"jetpack_shortlink":"https:\/\/wp.me\/P7BHJ9-2x8","_links":{"self":[{"href":"http:\/\/selvamarine.fi\/index.php?rest_route=\/wp\/v2\/pages\/9742","targetHints":{"allow":["GET"]}}],"collection":[{"href":"http:\/\/selvamarine.fi\/index.php?rest_route=\/wp\/v2\/pages"}],"about":[{"href":"http:\/\/selvamarine.fi\/index.php?rest_route=\/wp\/v2\/types\/page"}],"author":[{"embeddable":true,"href":"http:\/\/selvamarine.fi\/index.php?rest_route=\/wp\/v2\/users\/1"}],"replies":[{"embeddable":true,"href":"http:\/\/selvamarine.fi\/index.php?rest_route=%2Fwp%2Fv2%2Fcomments&post=9742"}],"version-history":[{"count":4,"href":"http:\/\/selvamarine.fi\/index.php?rest_route=\/wp\/v2\/pages\/9742\/revisions"}],"predecessor-version":[{"id":9951,"href":"http:\/\/selvamarine.fi\/index.php?rest_route=\/wp\/v2\/pages\/9742\/revisions\/9951"}],"wp:attachment":[{"href":"http:\/\/selvamarine.fi\/index.php?rest_route=%2Fwp%2Fv2%2Fmedia&parent=9742"}],"curies":[{"name":"wp","href":"https:\/\/api.w.org\/{rel}","templated":true}]}}